{"id":259,"date":"2019-10-01T09:49:22","date_gmt":"2019-10-01T09:49:22","guid":{"rendered":"https:\/\/www.soviaserv.ro\/?page_id=259"},"modified":"2024-12-10T16:58:01","modified_gmt":"2024-12-10T16:58:01","slug":"software-dvv","status":"publish","type":"page","link":"https:\/\/www.soviaserv.ro\/index.php\/software-dvv\/","title":{"rendered":"software dvv"},"content":{"rendered":"<div id=\"cs-content\" class=\"cs-content\"><div id=\"x-section-1\" class=\"x-section cs-ta-center dark-section bg-pattern\" style=\"margin: 0px;padding: 100px 0px; background-image: url(https:\/\/www.soviaserv.ro\/wp-content\/uploads\/2019\/09\/bg-pattern.png); background-color: #02aed6;\" data-x-element=\"section\" data-x-params=\"{&quot;type&quot;:&quot;pattern&quot;,&quot;parallax&quot;:false}\"><div id=\"\" class=\"x-container max width\" style=\"margin: 0px auto;padding: 0px;\" ><div  class=\"x-column x-sm x-1-1\" style=\"padding: 0px;\" ><h1  class=\"h-custom-headline man h2\" ><span>Software DVV<\/span><\/h1><div  class=\"x-raw-content\" style=\"margin: 1em auto 0; max-width: 35em; color: #fff; font-size: 18px;\"><p class=\"man\">Software special conceput pentru comisionarii vamali.<br>Preluare automat\u0103 a datelor din declara\u021bia vamal\u0103 \u0219i \u00eentocmirea DVV <\/p>\n\n<br> <p> \u00ceNCEARC\u0102 GRATUIT. <br>\n<a href=\"https:\/\/www.e-dvv.ro\/\" target=\"_blank\" style=\"color:#334FFF; font-size:25px\"> www.e-dvv.ro<\/a> <\/p><\/div><\/div><\/div><\/div><div id=\"x-section-2\" class=\"x-section bg-image parallax\" style=\"margin: 0px;padding: 0px; background-image: url(https:\/\/www.soviaserv.ro\/wp-content\/uploads\/2019\/09\/bg-services-01.jpg); background-color: #24282b;\" data-x-element=\"section\" data-x-params=\"{&quot;type&quot;:&quot;image&quot;,&quot;parallax&quot;:true}\"><div id=\"\" class=\"x-container marginless-columns\" style=\"margin: 0px auto;padding: 0px;\" ><\/div><\/div><div id=\"x-section-3\" class=\"x-section bg-image parallax\" style=\"margin: 0px;padding: 0px; background-image: url(https:\/\/www.soviaserv.ro\/wp-content\/uploads\/2019\/09\/bg-services-02.jpg); background-color: #24282b;\" data-x-element=\"section\" data-x-params=\"{&quot;type&quot;:&quot;image&quot;,&quot;parallax&quot;:true}\"><div id=\"\" class=\"x-container marginless-columns\" style=\"margin: 0px auto;padding: 0px;\" ><\/div><\/div><div id=\"x-section-4\" class=\"x-section bg-image parallax\" style=\"margin: 0px;padding: 50px 0px 100px; background-image: url(https:\/\/www.soviaserv.ro\/wp-content\/uploads\/2019\/09\/bg-team-02.jpg); background-color: #463729;\" data-x-element=\"section\" data-x-params=\"{&quot;type&quot;:&quot;image&quot;,&quot;parallax&quot;:true}\"><div id=\"\" class=\"x-container max width\" style=\"margin: 0px auto;padding: 0px;\" ><div  class=\"x-column x-sm x-1-1\" style=\"padding: 0px;\" ><div class=\"x-text x-content e259-e13 m77-0\"><\/div><\/div><\/div><\/div><\/div>\n","protected":false},"excerpt":{"rendered":"<p>Software DVVSoftware special conceput pentru comisionarii vamali.Preluare automat\u0103 a datelor din declara\u021bia vamal\u0103 \u0219i \u00eentocmirea DVV \u00ceNCEARC\u0102 GRATUIT. www.e-dvv.ro<\/p>\n","protected":false},"author":1,"featured_media":0,"parent":0,"menu_order":0,"comment_status":"closed","ping_status":"closed","template":"template-blank-4.php","meta":{"footnotes":""},"class_list":["post-259","page","type-page","status-publish","hentry","no-post-thumbnail"],"_links":{"self":[{"href":"https:\/\/www.soviaserv.ro\/index.php\/wp-json\/wp\/v2\/pages\/259","targetHints":{"allow":["GET"]}}],"collection":[{"href":"https:\/\/www.soviaserv.ro\/index.php\/wp-json\/wp\/v2\/pages"}],"about":[{"href":"https:\/\/www.soviaserv.ro\/index.php\/wp-json\/wp\/v2\/types\/page"}],"author":[{"embeddable":true,"href":"https:\/\/www.soviaserv.ro\/index.php\/wp-json\/wp\/v2\/users\/1"}],"replies":[{"embeddable":true,"href":"https:\/\/www.soviaserv.ro\/index.php\/wp-json\/wp\/v2\/comments?post=259"}],"version-history":[{"count":10,"href":"https:\/\/www.soviaserv.ro\/index.php\/wp-json\/wp\/v2\/pages\/259\/revisions"}],"predecessor-version":[{"id":374,"href":"https:\/\/www.soviaserv.ro\/index.php\/wp-json\/wp\/v2\/pages\/259\/revisions\/374"}],"wp:attachment":[{"href":"https:\/\/www.soviaserv.ro\/index.php\/wp-json\/wp\/v2\/media?parent=259"}],"curies":[{"name":"wp","href":"https:\/\/api.w.org\/{rel}","templated":true}]}}