{"id":254,"date":"2019-10-01T09:41:14","date_gmt":"2019-10-01T09:41:14","guid":{"rendered":"https:\/\/www.soviaserv.ro\/?page_id=254"},"modified":"2024-12-10T16:57:02","modified_gmt":"2024-12-10T16:57:02","slug":"software-intrastat","status":"publish","type":"page","link":"https:\/\/www.soviaserv.ro\/index.php\/software-intrastat\/","title":{"rendered":"software-intrastat"},"content":{"rendered":"<div id=\"cs-content\" class=\"cs-content\"><div id=\"x-section-1\" class=\"x-section cs-ta-center dark-section bg-pattern\" style=\"margin: 0px;padding: 100px 0px; background-image: url(https:\/\/www.soviaserv.ro\/wp-content\/uploads\/2019\/09\/bg-pattern.png); background-color: #02aed6;\" data-x-element=\"section\" data-x-params=\"{&quot;type&quot;:&quot;pattern&quot;,&quot;parallax&quot;:false}\"><div id=\"\" class=\"x-container max width\" style=\"margin: 0px auto;padding: 0px;\" ><div  class=\"x-column x-sm x-1-1\" style=\"padding: 0px;\" ><h1  class=\"h-custom-headline man h2\" ><span>Software Intrastat. Gratuit<\/span><\/h1><div  class=\"x-raw-content\" style=\"margin: 1em auto 0; max-width: 35em; color: #fff;font-size: 18px;\"><p class=\"man\">Program intocmire declaratii intrastat. <br> Cele mai mari companii prelucreaz\u0103 mii de linii in fiecare lun\u0103\n<br> GRATUIT - 6 luni. <br><\/p>\n<a href=\"https:\/\/www.e-intrastat.ro\/\" target=\"_blank\" style=\"color:#334FFF; font-size:25px\"> www.e-intrastat.ro<\/a><\/div><\/div><\/div><\/div><div id=\"x-section-2\" class=\"x-section bg-image parallax\" style=\"margin: 0px;padding: 0px; background-image: url(https:\/\/www.soviaserv.ro\/wp-content\/uploads\/2019\/09\/bg-services-01.jpg); background-color: #24282b;\" data-x-element=\"section\" data-x-params=\"{&quot;type&quot;:&quot;image&quot;,&quot;parallax&quot;:true}\"><div id=\"\" class=\"x-container marginless-columns\" style=\"margin: 0px auto;padding: 0px;\" ><div  class=\"x-column x-sm cs-ta-right x-1-2\" style=\"padding: 6.5%;\" ><i  class=\"x-icon x-icon-pencil\" style=\"text-align: center;      display: inline-block; width: 3em; height: 3em; border: 4px solid; font-size: 2.5em; line-height: 2.75em; text-align: center; color: #02aed6; border-radius: 100em;\" data-x-icon-s=\"&#xf303;\" aria-hidden=\"true\"><\/i><h3  class=\"h-custom-headline mvs h3\" style=\"color: #fff;\"><span>Rapid<\/span><\/h3><div  class=\"x-raw-content\" style=\"color: rgba(255, 255, 255, 0.35);\"><p class=\"man\">De la fi\u0219iere Excel la Intrastat. <br> Import automat de fi\u0219iere Excel <br> Orice model \/ structur\u0103 de fi\u0219ier Excel <\/p><\/div><\/div><div  class=\"x-column x-sm x-1-2\" style=\"padding: 6.5%; background-color:#262a2d;\" ><i  class=\"x-icon x-icon-line-chart\" style=\"text-align: center;      display: inline-block; width: 3em; height: 3em; border: 4px solid; font-size: 2.5em; line-height: 2.875em; text-align: center; color: #02aed6; border-radius: 100em;\" data-x-icon-s=\"&#xf201;\" aria-hidden=\"true\"><\/i><h3  class=\"h-custom-headline mvs h3\" style=\"color: #fff;\"><span>Gratuit<\/span><\/h3><div  class=\"x-raw-content\" style=\"color: rgba(255, 255, 255, 0.35);\"><p class=\"man\">Este oferit gratuit un an de zile. <br>Toate func\u021bionalit\u0103\u021bile programului sunt disponibile \u00een varianta gratuit\u0103.<br>Un an de zile nu ave\u021bi nici o obliga\u021bie de plat\u0103<\/p><\/div><\/div><\/div><\/div><div id=\"x-section-3\" class=\"x-section bg-image parallax\" style=\"margin: 0px;padding: 0px; background-image: url(https:\/\/www.soviaserv.ro\/wp-content\/uploads\/2019\/09\/bg-services-02.jpg); background-color: #24282b;\" data-x-element=\"section\" data-x-params=\"{&quot;type&quot;:&quot;image&quot;,&quot;parallax&quot;:true}\"><div id=\"\" class=\"x-container marginless-columns\" style=\"margin: 0px auto;padding: 0px;\" ><div  class=\"x-column x-sm cs-ta-right x-1-2\" style=\"padding: 6.5%; background-color:#3f4042;\" ><i  class=\"x-icon x-icon-laptop\" style=\"text-align: center;      display: inline-block; width: 3em; height: 3em; border: 4px solid; font-size: 2.5em; line-height: 2.815em; text-align: center; color: #02aed6; border-radius: 100em;\" data-x-icon-s=\"&#xf109;\" aria-hidden=\"true\"><\/i><h3  class=\"h-custom-headline mvs h3\" style=\"color: #fff;\"><span>Eficient<\/span><\/h3><div  class=\"x-raw-content\" style=\"color: rgba(255, 255, 255, 0.35);\"><p class=\"man\">Cele mai mari companii prelucreaz\u0103 mii de linii \u00een fiecare lun\u0103. <br>Declara\u021bia Intrastat poate s\u0103 fie gata \u00een mai pu\u021bin de 1 or\u0103<\/p><\/div><\/div><div  class=\"x-column x-sm x-1-2\" style=\"padding: 6.5%;\" ><i  class=\"x-icon x-icon-comments\" style=\"text-align: center;      display: inline-block; width: 3em; height: 3em; border: 4px solid; font-size: 2.5em; line-height: 2.875em; text-align: center; color: #02aed6; border-radius: 100em;\" data-x-icon-s=\"&#xf086;\" aria-hidden=\"true\"><\/i><h3  class=\"h-custom-headline mvs h3\" style=\"color: #fff;\"><span>Suport<\/span><\/h3><div  class=\"x-raw-content\" style=\"color: rgba(255, 255, 255, 0.35);\"><p class=\"man\">Oferim materiale video, suport \u0219i consultan\u021ba telefonic\u0103 \/ email \/ \n video conferin\u021be<\/p><\/div><\/div><\/div><\/div><div id=\"x-section-4\" class=\"x-section bg-image parallax\" style=\"margin: 0px;padding: 100px 0px; background-image: url(https:\/\/www.soviaserv.ro\/wp-content\/uploads\/2019\/09\/bg-team-02.jpg); background-color: #463729;\" data-x-element=\"section\" data-x-params=\"{&quot;type&quot;:&quot;image&quot;,&quot;parallax&quot;:true}\"><div id=\"\" class=\"x-container max width\" style=\"margin: 0px auto;padding: 0px;\" ><div  class=\"x-column x-sm x-1-1\" style=\"padding: 0px;\" ><div id=\"\" class=\"x-text\" style=\"\" ><h2 style=\"text-align: center;\"><a href=\"https:\/\/www.e-intrastat.ro\/\">www.e-intrastat.ro<\/a><\/h2>\n<\/div><hr  class=\"x-gap\" style=\"margin: 25% 0 0 0;\"><\/div><\/div><\/div><\/div>\n","protected":false},"excerpt":{"rendered":"Software Intrastat. GratuitProgram intocmire declaratii intrastat. Cele mai mari companii prelucreaz\u0103 mii de linii in fiecare lun\u0103 GRATUIT - 6 luni. www.e-intrastat.roRapidDe la fi\u0219iere Excel la Intrastat. Import automat de ...","protected":false},"author":1,"featured_media":0,"parent":0,"menu_order":0,"comment_status":"closed","ping_status":"closed","template":"template-blank-4.php","meta":{"footnotes":""},"class_list":["post-254","page","type-page","status-publish","hentry","no-post-thumbnail"],"_links":{"self":[{"href":"https:\/\/www.soviaserv.ro\/index.php\/wp-json\/wp\/v2\/pages\/254","targetHints":{"allow":["GET"]}}],"collection":[{"href":"https:\/\/www.soviaserv.ro\/index.php\/wp-json\/wp\/v2\/pages"}],"about":[{"href":"https:\/\/www.soviaserv.ro\/index.php\/wp-json\/wp\/v2\/types\/page"}],"author":[{"embeddable":true,"href":"https:\/\/www.soviaserv.ro\/index.php\/wp-json\/wp\/v2\/users\/1"}],"replies":[{"embeddable":true,"href":"https:\/\/www.soviaserv.ro\/index.php\/wp-json\/wp\/v2\/comments?post=254"}],"version-history":[{"count":15,"href":"https:\/\/www.soviaserv.ro\/index.php\/wp-json\/wp\/v2\/pages\/254\/revisions"}],"predecessor-version":[{"id":371,"href":"https:\/\/www.soviaserv.ro\/index.php\/wp-json\/wp\/v2\/pages\/254\/revisions\/371"}],"wp:attachment":[{"href":"https:\/\/www.soviaserv.ro\/index.php\/wp-json\/wp\/v2\/media?parent=254"}],"curies":[{"name":"wp","href":"https:\/\/api.w.org\/{rel}","templated":true}]}}