{"id":181,"date":"2019-09-30T14:09:42","date_gmt":"2019-09-30T14:09:42","guid":{"rendered":"https:\/\/www.soviaserv.ro\/index.php\/servicii-intrastat\/"},"modified":"2024-12-10T16:57:45","modified_gmt":"2024-12-10T16:57:45","slug":"servicii-intrastat","status":"publish","type":"page","link":"https:\/\/www.soviaserv.ro\/index.php\/servicii-intrastat\/","title":{"rendered":"Servicii Intrastat"},"content":{"rendered":"<div id=\"cs-content\" class=\"cs-content\"><div id=\"x-section-1\" class=\"x-section cs-ta-center dark-section bg-pattern\" style=\"margin: 0px;padding: 100px 0px; background-image: url(https:\/\/www.soviaserv.ro\/wp-content\/uploads\/2019\/09\/bg-pattern.png); background-color: #02aed6;\" data-x-element=\"section\" data-x-params=\"{&quot;type&quot;:&quot;pattern&quot;,&quot;parallax&quot;:false}\"><div id=\"\" class=\"x-container max width\" style=\"margin: 0px auto;padding: 0px;\" ><div  class=\"x-column x-sm x-1-1\" style=\"padding: 0px;\" ><h1  class=\"h-custom-headline man h2\" ><span>Servicii intrastat<\/span><\/h1><div  class=\"x-raw-content\" style=\"margin: 1em auto 0; align:left; max-width: 120em; color: #fff; font-size: 18px;\"><p class=\"man\">Cu peste 10 ani de experieta \u00een dezvoltarea de software pentru \u00eentocmirea declaratiilor INTRASTAT.\n<br>Acum nu v\u0103 oferim doar un software pentru intocmirea declar\u021biilor INTRASTAT, totul devine mai simplu, d-voastra ne trimite\u021bi un fisier excel, de restul ne ocupam noi. <br> Doar un click de la EXCEL la Intrastat<\/p><\/div><\/div><\/div><\/div><div id=\"x-section-2\" class=\"x-section bg-image parallax\" style=\"margin: 0px;padding: 0px; background-image: url(https:\/\/www.soviaserv.ro\/wp-content\/uploads\/2019\/09\/bg-services-01.jpg); background-color: #24282b;\" data-x-element=\"section\" data-x-params=\"{&quot;type&quot;:&quot;image&quot;,&quot;parallax&quot;:true}\"><div id=\"\" class=\"x-container marginless-columns\" style=\"margin: 0px auto;padding: 0px;\" ><div  class=\"x-column x-sm cs-ta-right x-1-2\" style=\"padding: 6.5%;\" ><i  class=\"x-icon x-icon-pencil\" style=\"text-align: center;      display: inline-block; width: 3em; height: 3em; border: 4px solid; font-size: 2.5em; line-height: 2.75em; text-align: center; color: #02aed6; border-radius: 100em;\" data-x-icon-s=\"&#xf303;\" aria-hidden=\"true\"><\/i><h3  class=\"h-custom-headline mvs h3\" style=\"color: #fff;\"><span>Experien\u021b\u0103<\/span><\/h3><div  class=\"x-raw-content\" style=\"color: rgba(255, 255, 255, 0.35);\"><p class=\"man\">De peste 10 ani ne ocupam cu declara\u021biile intrastat. <br>Suntem singura companie care oferim un software <br>specializat pentru \u00eentocmirea declara\u021biilor Intrastat.<\/p><\/div><\/div><div  class=\"x-column x-sm x-1-2\" style=\"padding: 6.5%; background-color:#262a2d;\" ><i  class=\"x-icon x-icon-line-chart\" style=\"text-align: center;      display: inline-block; width: 3em; height: 3em; border: 4px solid; font-size: 2.5em; line-height: 2.875em; text-align: center; color: #02aed6; border-radius: 100em;\" data-x-icon-s=\"&#xf201;\" aria-hidden=\"true\"><\/i><h3  class=\"h-custom-headline mvs h3\" style=\"color: #fff;\"><span>Eficient<\/span><\/h3><div  class=\"x-raw-content\" style=\"color: rgba(255, 255, 255, 0.35);\"><p class=\"man\">Structura de pre\u021b nu este influen\u021bat\u0103 de numarul de \u00eenregistrari sau de m\u0103rimea companiei. Pre\u021bul este determinat de acurate\u021bea \u0219i modul de transmitere a datelor .<\/p><\/div><\/div><\/div><\/div><div id=\"x-section-3\" class=\"x-section bg-image parallax\" style=\"margin: 0px;padding: 0px; background-image: url(https:\/\/www.soviaserv.ro\/wp-content\/uploads\/2019\/09\/bg-services-02.jpg); background-color: #24282b;\" data-x-element=\"section\" data-x-params=\"{&quot;type&quot;:&quot;image&quot;,&quot;parallax&quot;:true}\"><div id=\"\" class=\"x-container marginless-columns\" style=\"margin: 0px auto;padding: 0px;\" ><div  class=\"x-column x-sm cs-ta-right x-1-2\" style=\"padding: 6.5%; background-color:#3f4042;\" ><i  class=\"x-icon x-icon-laptop\" style=\"text-align: center;      display: inline-block; width: 3em; height: 3em; border: 4px solid; font-size: 2.5em; line-height: 2.815em; text-align: center; color: #02aed6; border-radius: 100em;\" data-x-icon-s=\"&#xf109;\" aria-hidden=\"true\"><\/i><h3  class=\"h-custom-headline mvs h3\" style=\"color: #fff;\"><span>Digital<\/span><\/h3><div  class=\"x-raw-content\" style=\"color: rgba(255, 255, 255, 0.35);\"><p class=\"man\">Rapid, far\u0103 copii, scanari, h\u00e2rtii. Un singur fi\u0219ier Excel. <br> Un fi\u0219ier Excel \u00een formatul dorit de client<\/p><\/div><\/div><div  class=\"x-column x-sm x-1-2\" style=\"padding: 6.5%;\" ><i  class=\"x-icon x-icon-comments\" style=\"text-align: center;      display: inline-block; width: 3em; height: 3em; border: 4px solid; font-size: 2.5em; line-height: 2.875em; text-align: center; color: #02aed6; border-radius: 100em;\" data-x-icon-s=\"&#xf086;\" aria-hidden=\"true\"><\/i><h3  class=\"h-custom-headline mvs h3\" style=\"color: #fff;\"><span>Comunicare<\/span><\/h3><div  class=\"x-raw-content\" style=\"color: rgba(255, 255, 255, 0.35);\"><p class=\"man\">Suntem aici s\u0103 r\u0103spundem la orice \u00eentrebare din domeniul supply chain-ului. <br> De la Intrastat, opera\u021biuni vamale, logistic\u0103, optimizare procese de produc\u021bie<\/p><\/div><\/div><\/div><\/div><div id=\"x-section-4\" class=\"x-section\" style=\"margin: 0px;padding: 100px 0px; background-color: transparent;\" ><div id=\"\" class=\"x-container max width\" style=\"margin: 0px auto;padding: 0px;\" ><div  class=\"x-column x-sm x-1-1\" style=\"padding: 0px;\" ><h2  class=\"h-custom-headline cs-ta-center man h2\" ><span>Cum colabor\u0103m<\/span><\/h2><\/div><\/div><div id=\"\" class=\"x-container max width\" style=\"margin: 50px auto 0px;padding: 0px;\" ><div  class=\"x-column x-sm x-1-3\" style=\"padding: 0px;\" ><div  class=\"x-raw-content\" ><p class=\"man\"><span  class=\"x-dropcap\" >1<\/span> Ne trimite\u021bi \u00een prim\u0103 faz\u0103 un fisier EXCEL cu c\u00e2teva \u00eenregistr\u0103ri pentru a evalua ce informa\u021bii ne pute\u021bi furniza, totodat\u0103 v\u0103 rug\u0103m ne preciza\u021bti num\u0103rul estimat de \u00eenregistr\u0103ri trimise \u00een fiecare lun\u0103. \n<\/p><\/div><\/div><div  class=\"x-column x-sm x-1-3\" style=\"padding: 0px;\" ><div  class=\"x-raw-content\" ><p class=\"man\"><span  class=\"x-dropcap\" >2<\/span> Noi v\u0103 trimitem o ofert\u0103 comercial\u0103 \u0219i sper\u0103m s\u0103 colabor\u0103m. Semn\u0103m un acord \/ contract.<\/p><\/div><\/div><div  class=\"x-column x-sm x-1-3\" style=\"padding: 0px;\" ><div  class=\"x-raw-content\" ><p class=\"man\"><span  class=\"x-dropcap\" >3<\/span> Ne trimite\u021bi fi\u0219ierele excel conform cu modelul agreeat la \u00eenceput. De restul ne ocup\u0103m noi.<\/p><\/div><\/div><\/div><\/div><div id=\"x-section-5\" class=\"x-section bg-image parallax\" style=\"margin: 0px;padding: 100px 0px; background-image: url(https:\/\/www.soviaserv.ro\/wp-content\/uploads\/2019\/09\/bg-team-02.jpg); background-color: #463729;\" data-x-element=\"section\" data-x-params=\"{&quot;type&quot;:&quot;image&quot;,&quot;parallax&quot;:true}\"><div id=\"\" class=\"x-container max width\" style=\"margin: 0px auto;padding: 0px;\" ><div  class=\"x-column x-sm x-1-1\" style=\"padding: 0px;\" ><div id=\"\" class=\"x-text\" style=\"align:center;\" ><p style=\"text-align: center;\"><a href=\"mailto:office@soviaserv.ro\"><span style=\"color: #999999;\"><strong>Contacteaz\u0103-ne: office@soviaserv.ro<\/strong><\/span><\/a><\/p>\n<\/div><hr  class=\"x-gap\" style=\"margin: 25% 0 0 0;\"><\/div><\/div><\/div><\/div>\n","protected":false},"excerpt":{"rendered":"Servicii intrastatCu peste 10 ani de experieta \u00een dezvoltarea de software pentru \u00eentocmirea declaratiilor INTRASTAT. Acum nu v\u0103 oferim doar un software pentru intocmirea declar\u021biilor INTRASTAT, totul devine mai simplu, ...","protected":false},"author":1,"featured_media":0,"parent":0,"menu_order":0,"comment_status":"closed","ping_status":"closed","template":"template-blank-4.php","meta":{"footnotes":""},"class_list":["post-181","page","type-page","status-publish","hentry","no-post-thumbnail"],"_links":{"self":[{"href":"https:\/\/www.soviaserv.ro\/index.php\/wp-json\/wp\/v2\/pages\/181","targetHints":{"allow":["GET"]}}],"collection":[{"href":"https:\/\/www.soviaserv.ro\/index.php\/wp-json\/wp\/v2\/pages"}],"about":[{"href":"https:\/\/www.soviaserv.ro\/index.php\/wp-json\/wp\/v2\/types\/page"}],"author":[{"embeddable":true,"href":"https:\/\/www.soviaserv.ro\/index.php\/wp-json\/wp\/v2\/users\/1"}],"replies":[{"embeddable":true,"href":"https:\/\/www.soviaserv.ro\/index.php\/wp-json\/wp\/v2\/comments?post=181"}],"version-history":[{"count":18,"href":"https:\/\/www.soviaserv.ro\/index.php\/wp-json\/wp\/v2\/pages\/181\/revisions"}],"predecessor-version":[{"id":373,"href":"https:\/\/www.soviaserv.ro\/index.php\/wp-json\/wp\/v2\/pages\/181\/revisions\/373"}],"wp:attachment":[{"href":"https:\/\/www.soviaserv.ro\/index.php\/wp-json\/wp\/v2\/media?parent=181"}],"curies":[{"name":"wp","href":"https:\/\/api.w.org\/{rel}","templated":true}]}}